{"id":4391,"date":"2025-08-08T10:32:55","date_gmt":"2025-08-08T10:32:55","guid":{"rendered":"http:\/\/127.0.0.1\/rozwiazania-dle-e-mobility\/"},"modified":"2025-08-25T09:00:40","modified_gmt":"2025-08-25T09:00:40","slug":"rozwiazania-dle-e-mobility","status":"publish","type":"page","link":"https:\/\/cvgs.pl\/de\/rozwiazania-dle-e-mobility\/","title":{"rendered":"Innovative L\u00f6sungen f\u00fcr die E-Mobilit\u00e4t"},"content":{"rendered":"","protected":false},"excerpt":{"rendered":"","protected":false},"author":3,"featured_media":0,"parent":0,"menu_order":0,"comment_status":"closed","ping_status":"closed","template":"page-solution.php","meta":{"_acf_changed":false,"content-type":"","footnotes":""},"class_list":["post-4391","page","type-page","status-publish","hentry"],"acf":[],"_links":{"self":[{"href":"https:\/\/cvgs.pl\/de\/wp-json\/wp\/v2\/pages\/4391","targetHints":{"allow":["GET"]}}],"collection":[{"href":"https:\/\/cvgs.pl\/de\/wp-json\/wp\/v2\/pages"}],"about":[{"href":"https:\/\/cvgs.pl\/de\/wp-json\/wp\/v2\/types\/page"}],"author":[{"embeddable":true,"href":"https:\/\/cvgs.pl\/de\/wp-json\/wp\/v2\/users\/3"}],"replies":[{"embeddable":true,"href":"https:\/\/cvgs.pl\/de\/wp-json\/wp\/v2\/comments?post=4391"}],"version-history":[{"count":3,"href":"https:\/\/cvgs.pl\/de\/wp-json\/wp\/v2\/pages\/4391\/revisions"}],"predecessor-version":[{"id":4405,"href":"https:\/\/cvgs.pl\/de\/wp-json\/wp\/v2\/pages\/4391\/revisions\/4405"}],"wp:attachment":[{"href":"https:\/\/cvgs.pl\/de\/wp-json\/wp\/v2\/media?parent=4391"}],"curies":[{"name":"wp","href":"https:\/\/api.w.org\/{rel}","templated":true}]}}